{"id":15962,"date":"2025-11-25T14:23:31","date_gmt":"2025-11-25T14:23:31","guid":{"rendered":"https:\/\/www.cadus.org\/?page_id=15962"},"modified":"2025-11-25T14:25:40","modified_gmt":"2025-11-25T14:25:40","slug":"metab","status":"publish","type":"page","link":"https:\/\/www.cadus.org\/en\/spenden\/metab\/","title":{"rendered":"Spendenadds MetaB"},"content":{"rendered":"<p><div class=\"fusion-fullwidth fullwidth-box fusion-builder-row-1 fusion-flex-container has-pattern-background has-mask-background nonhundred-percent-fullwidth non-hundred-percent-height-scrolling\" style=\"--awb-border-radius-top-left:0px;--awb-border-radius-top-right:0px;--awb-border-radius-bottom-right:0px;--awb-border-radius-bottom-left:0px;--awb-margin-top:-20px;--awb-background-color:var(--awb-color1);--awb-flex-wrap:wrap;\" ><div class=\"fusion-builder-row fusion-row fusion-flex-align-items-flex-start fusion-flex-content-wrap\" style=\"max-width:1216.8px;margin-left: calc(-4% \/ 2 );margin-right: calc(-4% \/ 2 );\"><div class=\"fusion-layout-column fusion_builder_column fusion-builder-column-0 fusion_builder_column_1_3 1_3 fusion-flex-column\" style=\"--awb-padding-top:20px;--awb-bg-size:cover;--awb-width-large:33.333333333333%;--awb-margin-top-large:0px;--awb-spacing-right-large:5.76%;--awb-margin-bottom-large:20px;--awb-spacing-left-large:5.76%;--awb-width-medium:100%;--awb-order-medium:0;--awb-spacing-right-medium:1.92%;--awb-spacing-left-medium:1.92%;--awb-width-small:100%;--awb-order-small:0;--awb-spacing-right-small:1.92%;--awb-spacing-left-small:1.92%;\" data-scroll-devices=\"small-visibility,medium-visibility,large-visibility\"><div class=\"fusion-column-wrapper fusion-column-has-shadow fusion-flex-justify-content-flex-start fusion-content-layout-column\"><div class=\"fusion-image-element \" style=\"--awb-caption-title-color:var(--awb-color8);--awb-caption-overlay-color:#ffffff;--awb-caption-title-font-family:var(--h2_typography-font-family);--awb-caption-title-font-weight:var(--h2_typography-font-weight);--awb-caption-title-font-style:var(--h2_typography-font-style);--awb-caption-title-size:var(--h2_typography-font-size);--awb-caption-title-transform:var(--h2_typography-text-transform);--awb-caption-title-line-height:var(--h2_typography-line-height);--awb-caption-title-letter-spacing:var(--h2_typography-letter-spacing);\"><span class=\" fusion-imageframe imageframe-none imageframe-1 hover-type-none\"><img decoding=\"async\" width=\"1600\" height=\"1200\" title=\"MedEvac 4\" src=\"https:\/\/www.cadus.org\/wp-content\/uploads\/2025\/10\/MedEvac-4.jpg\" alt class=\"img-responsive wp-image-15623\" srcset=\"https:\/\/www.cadus.org\/wp-content\/uploads\/2025\/10\/MedEvac-4-200x150.jpg 200w, https:\/\/www.cadus.org\/wp-content\/uploads\/2025\/10\/MedEvac-4-400x300.jpg 400w, https:\/\/www.cadus.org\/wp-content\/uploads\/2025\/10\/MedEvac-4-600x450.jpg 600w, https:\/\/www.cadus.org\/wp-content\/uploads\/2025\/10\/MedEvac-4-800x600.jpg 800w, https:\/\/www.cadus.org\/wp-content\/uploads\/2025\/10\/MedEvac-4-1200x900.jpg 1200w, https:\/\/www.cadus.org\/wp-content\/uploads\/2025\/10\/MedEvac-4.jpg 1600w\" sizes=\"(max-width: 1024px) 100vw, (max-width: 640px) 100vw, 400px\" \/><\/span><\/div><\/div><\/div><div class=\"fusion-layout-column fusion_builder_column fusion-builder-column-1 fusion_builder_column_2_3 2_3 fusion-flex-column\" style=\"--awb-bg-size:cover;--awb-width-large:66.666666666667%;--awb-margin-top-large:20px;--awb-spacing-right-large:2.88%;--awb-margin-bottom-large:20px;--awb-spacing-left-large:2.88%;--awb-width-medium:100%;--awb-order-medium:0;--awb-spacing-right-medium:1.92%;--awb-spacing-left-medium:1.92%;--awb-width-small:100%;--awb-order-small:0;--awb-spacing-right-small:1.92%;--awb-spacing-left-small:1.92%;\" data-scroll-devices=\"small-visibility,medium-visibility,large-visibility\"><div class=\"fusion-column-wrapper fusion-column-has-shadow fusion-flex-justify-content-flex-start fusion-content-layout-column\"><div class=\"fusion-text fusion-text-1\"><div>\n<p><strong>Das bewirkt deine Spende:<\/strong> CADUS handelt bedingungslos humanit\u00e4r. In Krisen, Kriegen und Katastrophen helfen wir vor Ort, <b>Menschenleben zu retten<\/b>, <b>Leid zu <\/b><b>lindern\u00a0<\/b>und zu verhindern.<\/p>\n<div>Mit deiner Spende k\u00f6nnen wir schnell und flexibel auf neue Notlagen reagieren und \u00a0langfristig planen.<\/div>\n<\/div>\n<\/div><\/div><\/div><\/div><\/div><div class=\"fusion-fullwidth fullwidth-box fusion-builder-row-2 fusion-flex-container has-pattern-background has-mask-background nonhundred-percent-fullwidth non-hundred-percent-height-scrolling\" style=\"--awb-border-color:var(--awb-color4);--awb-border-radius-top-left:0px;--awb-border-radius-top-right:0px;--awb-border-radius-bottom-right:0px;--awb-border-radius-bottom-left:0px;--awb-flex-wrap:wrap;\" ><div class=\"fusion-builder-row fusion-row fusion-flex-align-items-flex-start fusion-flex-content-wrap\" style=\"max-width:1216.8px;margin-left: calc(-4% \/ 2 );margin-right: calc(-4% \/ 2 );\"><div class=\"fusion-layout-column fusion_builder_column fusion-builder-column-2 fusion_builder_column_1_1 1_1 fusion-flex-column\" style=\"--awb-padding-top:10px;--awb-padding-right:10px;--awb-padding-bottom:10px;--awb-padding-left:10px;--awb-bg-size:cover;--awb-border-color:var(--awb-color4);--awb-border-top:2px;--awb-border-right:2px;--awb-border-bottom:2px;--awb-border-left:2px;--awb-border-style:solid;--awb-width-large:100%;--awb-margin-top-large:0px;--awb-spacing-right-large:1.92%;--awb-margin-bottom-large:20px;--awb-spacing-left-large:1.92%;--awb-width-medium:100%;--awb-order-medium:0;--awb-spacing-right-medium:1.92%;--awb-spacing-left-medium:1.92%;--awb-width-small:100%;--awb-order-small:0;--awb-spacing-right-small:1.92%;--awb-spacing-left-small:1.92%;\" data-scroll-devices=\"small-visibility,medium-visibility,large-visibility\"><div class=\"fusion-column-wrapper fusion-column-has-shadow fusion-flex-justify-content-flex-start fusion-content-layout-column\"><a class=\"fusion-modal-text-link\" href=\"#\"><script type=\"text\/javascript\" src=\"https:\/\/secure.fundraisingbox.com\/app\/paymentJS?hash=1qkh3sq3ndaaos5m\"><\/script><noscript>Bitte Javascript aktivieren<\/noscript><a href=\"https:\/\/www.fundraisingbox.com\/?utm_source=donation_form\" target=\"_blank\" rel=\"noopener\"><img decoding=\"async\" style=\"border: 0 !important;\" src=\"https:\/\/secure.fundraisingbox.com\/images\/FundraisingBox-Logo-Widget.png\" alt=\"FundraisingBox Logo\" border=\"0\" \/><\/a><\/a><\/div><\/div><\/div><\/div><div class=\"fusion-fullwidth fullwidth-box fusion-builder-row-3 fusion-flex-container has-pattern-background has-mask-background nonhundred-percent-fullwidth non-hundred-percent-height-scrolling\" style=\"--awb-border-radius-top-left:0px;--awb-border-radius-top-right:0px;--awb-border-radius-bottom-right:0px;--awb-border-radius-bottom-left:0px;--awb-background-color:var(--awb-color4);--awb-flex-wrap:wrap;\" ><div class=\"fusion-builder-row fusion-row fusion-flex-align-items-flex-start fusion-flex-content-wrap\" style=\"max-width:1216.8px;margin-left: calc(-4% \/ 2 );margin-right: calc(-4% \/ 2 );\"><div class=\"fusion-layout-column fusion_builder_column fusion-builder-column-3 fusion_builder_column_1_1 1_1 fusion-flex-column\" style=\"--awb-bg-size:cover;--awb-width-large:100%;--awb-margin-top-large:0px;--awb-spacing-right-large:1.92%;--awb-margin-bottom-large:20px;--awb-spacing-left-large:1.92%;--awb-width-medium:100%;--awb-order-medium:0;--awb-spacing-right-medium:1.92%;--awb-spacing-left-medium:1.92%;--awb-width-small:100%;--awb-order-small:0;--awb-spacing-right-small:1.92%;--awb-spacing-left-small:1.92%;\"><div class=\"fusion-column-wrapper fusion-column-has-shadow fusion-flex-justify-content-flex-start fusion-content-layout-column\"><div class=\"fusion-text fusion-text-2\"><h3><strong><span style=\"color: #ffffff;\">H\u00e4ufige Fragen zur regelm\u00e4\u00dfigen Spende<\/span><\/strong><\/h3>\n<\/div><\/div><\/div><div class=\"fusion-layout-column fusion_builder_column fusion-builder-column-4 fusion_builder_column_1_2 1_2 fusion-flex-column\" style=\"--awb-bg-size:cover;--awb-width-large:50%;--awb-margin-top-large:0px;--awb-spacing-right-large:3.84%;--awb-margin-bottom-large:20px;--awb-spacing-left-large:3.84%;--awb-width-medium:100%;--awb-order-medium:0;--awb-spacing-right-medium:1.92%;--awb-spacing-left-medium:1.92%;--awb-width-small:100%;--awb-order-small:0;--awb-spacing-right-small:1.92%;--awb-spacing-left-small:1.92%;\"><div class=\"fusion-column-wrapper fusion-column-has-shadow fusion-flex-justify-content-flex-start fusion-content-layout-column\"><div class=\"fusion-text fusion-text-3\"><p><span style=\"color: #ffffff;\"><b>Kann ich meine Dauerspende jederzeit beenden?<br \/>\n<\/b>Ja. Du kannst deine monatliche Spende jederzeit pausieren, anpassen oder beenden. Unsere Spendenbetreuung kannst du jederzeit per Email kontaktieren: <a style=\"color: #ffffff;\" href=\"mailto:spenden@cadus.org\"><span style=\"color: #000000;\">spenden@cadus.org<\/span><\/a>.\u00a0<\/span><\/p>\n<p><span style=\"color: #ffffff;\"><b>Bekomme ich eine Spendenbescheinigung?<br \/>\n<\/b>Ja. Einmal j\u00e4hrlich erh\u00e4ltst du automatisch eine Spendenbescheinigung \u00fcber die gesamte Jahressumme, die du steuerlich geltend machen kannst.\u00a0<\/span><\/p>\n<p><span style=\"color: #ffffff;\"><b>Was bringt eine regelm\u00e4\u00dfige Spende mehr als eine einmalige?<br \/>\n<\/b>Regelm\u00e4\u00dfige Spenden geben uns Planungssicherheit. So k\u00f6nnen wir besser auf Krisen reagieren, langfristige Projekte umsetzen und kontinuierlich vor Ort aktiv bleiben.\u00a0<\/span><\/p>\n<\/div><\/div><\/div><div class=\"fusion-layout-column fusion_builder_column fusion-builder-column-5 fusion_builder_column_1_2 1_2 fusion-flex-column\" style=\"--awb-bg-size:cover;--awb-width-large:50%;--awb-margin-top-large:0px;--awb-spacing-right-large:3.84%;--awb-margin-bottom-large:20px;--awb-spacing-left-large:3.84%;--awb-width-medium:100%;--awb-order-medium:0;--awb-spacing-right-medium:1.92%;--awb-spacing-left-medium:1.92%;--awb-width-small:100%;--awb-order-small:0;--awb-spacing-right-small:1.92%;--awb-spacing-left-small:1.92%;\"><div class=\"fusion-column-wrapper fusion-column-has-shadow fusion-flex-justify-content-flex-start fusion-content-layout-column\"><div class=\"fusion-text fusion-text-4\"><p><span style=\"color: #ffffff;\"><b>Ist meine Spende sicher?<br \/>\n<\/b>Ja. Deine Daten werden nach h\u00f6chsten Sicherheitsstandards verarbeitet und nicht an Dritte weitergegeben. Der Zahlungsprozess ist verschl\u00fcsselt und erfolgt \u00fcber zertifizierte Partner.<\/span><\/p>\n<p><span style=\"color: #ffffff;\"><b>Wie viel der Spende kommt tats\u00e4chlich in den Projekten an?<br \/>\n<\/b>Wir setzen Spenden verantwortungsvoll ein. Der Gro\u00dfteil flie\u00dft direkt in unsere Eins\u00e4tze, Trainings und Projektarbeit. Ein notwendiger Teil deckt unsere Infrastrukturkosten, damit wir handlungsf\u00e4hig bleiben, gut koordinieren k\u00f6nnen und auch in Zukunft wirksam helfen. Mehr zur Mittelverwendung und Projektarbeit findet ihr transparent aufgeschl\u00fcsselt in unseren <\/span><a href=\"https:\/\/www.cadus.org\/was-wir-tun\/ressourcen\/\"><span style=\"color: #ffffff;\"><span style=\"color: #000000;\">Jahresberichten<\/span><\/span><\/a><span style=\"color: #ffffff;\">.<\/span><\/p>\n<\/div><\/div><\/div><\/div><\/div><div class=\"fusion-fullwidth fullwidth-box fusion-builder-row-4 fusion-flex-container has-pattern-background has-mask-background nonhundred-percent-fullwidth non-hundred-percent-height-scrolling\" style=\"--awb-border-radius-top-left:0px;--awb-border-radius-top-right:0px;--awb-border-radius-bottom-right:0px;--awb-border-radius-bottom-left:0px;--awb-margin-bottom:-70px;--awb-flex-wrap:wrap;\" ><div class=\"fusion-builder-row fusion-row fusion-flex-align-items-flex-start fusion-flex-content-wrap\" style=\"max-width:1216.8px;margin-left: calc(-4% \/ 2 );margin-right: calc(-4% \/ 2 );\"><div class=\"fusion-layout-column fusion_builder_column fusion-builder-column-6 fusion_builder_column_1_1 1_1 fusion-flex-column\" style=\"--awb-bg-size:cover;--awb-width-large:100%;--awb-margin-top-large:0px;--awb-spacing-right-large:1.92%;--awb-margin-bottom-large:-10px;--awb-spacing-left-large:1.92%;--awb-width-medium:100%;--awb-order-medium:0;--awb-spacing-right-medium:1.92%;--awb-spacing-left-medium:1.92%;--awb-width-small:100%;--awb-order-small:0;--awb-spacing-right-small:1.92%;--awb-spacing-left-small:1.92%;\" data-scroll-devices=\"small-visibility,medium-visibility,large-visibility\"><div class=\"fusion-column-wrapper fusion-column-has-shadow fusion-flex-justify-content-flex-start fusion-content-layout-column\"><div class=\"fusion-text fusion-text-5\"><h3><strong>Wie kann ich CADUS noch unterst\u00fctzen?<\/strong><\/h3>\n<\/div><\/div><\/div><div class=\"fusion-layout-column fusion_builder_column fusion-builder-column-7 fusion_builder_column_1_2 1_2 fusion-flex-column\" style=\"--awb-bg-size:cover;--awb-width-large:50%;--awb-margin-top-large:0px;--awb-spacing-right-large:3.84%;--awb-margin-bottom-large:20px;--awb-spacing-left-large:3.84%;--awb-width-medium:100%;--awb-order-medium:0;--awb-spacing-right-medium:1.92%;--awb-spacing-left-medium:1.92%;--awb-width-small:100%;--awb-order-small:0;--awb-spacing-right-small:1.92%;--awb-spacing-left-small:1.92%;\"><div class=\"fusion-column-wrapper fusion-column-has-shadow fusion-flex-justify-content-flex-start fusion-content-layout-column\"><div class=\"fusion-text fusion-text-6\"><p><strong>Starte eine Spendenaktion! <\/strong>Ob Weihnachtsfeier in der Firma, Geburtstagsparty oder Spendenlauf \u2013 starte deine eigene Spendenaktion um CADUS zu unterst\u00fctzen. <a href=\"https:\/\/www.cadus.org\/spenden\/spendenaktion\/\">Hier<\/a> findest du mehr Infos.<\/p>\n<\/div><\/div><\/div><div class=\"fusion-layout-column fusion_builder_column fusion-builder-column-8 fusion_builder_column_1_2 1_2 fusion-flex-column\" style=\"--awb-bg-size:cover;--awb-width-large:50%;--awb-margin-top-large:0px;--awb-spacing-right-large:3.84%;--awb-margin-bottom-large:20px;--awb-spacing-left-large:3.84%;--awb-width-medium:100%;--awb-order-medium:0;--awb-spacing-right-medium:1.92%;--awb-spacing-left-medium:1.92%;--awb-width-small:100%;--awb-order-small:0;--awb-spacing-right-small:1.92%;--awb-spacing-left-small:1.92%;\"><div class=\"fusion-column-wrapper fusion-column-has-shadow fusion-flex-justify-content-flex-start fusion-content-layout-column\"><div class=\"fusion-text fusion-text-7\"><p><strong>Spenden sind ein tolles Geschenk.\u00a0<\/strong>Du bist auf der Suche nach eine Geschenk mit Herz und Verstand? Mit deiner Geschenkspende tragen du und die beschenkte Person dazu bei, Menschenleben zu retten und weitere Not zu verhindern. <a href=\"https:\/\/www.cadus.org\/spenden\/geschenkspende\/\">Hier<\/a> findest du mehr dazu.<\/p>\n<\/div><\/div><\/div><\/div><\/div><\/p>\n","protected":false},"excerpt":{"rendered":"","protected":false},"author":3,"featured_media":0,"parent":11748,"menu_order":0,"comment_status":"closed","ping_status":"closed","template":"100-width.php","meta":{"inline_featured_image":false,"footnotes":""},"class_list":["post-15962","page","type-page","status-publish","hentry"],"aioseo_notices":[],"_links":{"self":[{"href":"https:\/\/www.cadus.org\/en\/wp-json\/wp\/v2\/pages\/15962","targetHints":{"allow":["GET"]}}],"collection":[{"href":"https:\/\/www.cadus.org\/en\/wp-json\/wp\/v2\/pages"}],"about":[{"href":"https:\/\/www.cadus.org\/en\/wp-json\/wp\/v2\/types\/page"}],"author":[{"embeddable":true,"href":"https:\/\/www.cadus.org\/en\/wp-json\/wp\/v2\/users\/3"}],"replies":[{"embeddable":true,"href":"https:\/\/www.cadus.org\/en\/wp-json\/wp\/v2\/comments?post=15962"}],"version-history":[{"count":3,"href":"https:\/\/www.cadus.org\/en\/wp-json\/wp\/v2\/pages\/15962\/revisions"}],"predecessor-version":[{"id":15966,"href":"https:\/\/www.cadus.org\/en\/wp-json\/wp\/v2\/pages\/15962\/revisions\/15966"}],"up":[{"embeddable":true,"href":"https:\/\/www.cadus.org\/en\/wp-json\/wp\/v2\/pages\/11748"}],"wp:attachment":[{"href":"https:\/\/www.cadus.org\/en\/wp-json\/wp\/v2\/media?parent=15962"}],"curies":[{"name":"wp","href":"https:\/\/api.w.org\/{rel}","templated":true}]}}