{"id":15975,"date":"2025-11-26T20:34:28","date_gmt":"2025-11-26T20:34:28","guid":{"rendered":"https:\/\/www.cadus.org\/?page_id=15975"},"modified":"2025-11-26T20:46:26","modified_gmt":"2025-11-26T20:46:26","slug":"danke","status":"publish","type":"page","link":"https:\/\/www.cadus.org\/en\/spenden\/danke\/","title":{"rendered":"Danke"},"content":{"rendered":"<p><div class=\"fusion-fullwidth fullwidth-box fusion-builder-row-1 fusion-flex-container has-pattern-background has-mask-background nonhundred-percent-fullwidth non-hundred-percent-height-scrolling\" style=\"--awb-border-radius-top-left:0px;--awb-border-radius-top-right:0px;--awb-border-radius-bottom-right:0px;--awb-border-radius-bottom-left:0px;--awb-flex-wrap:wrap;\" ><div class=\"fusion-builder-row fusion-row fusion-flex-align-items-flex-start fusion-flex-content-wrap\" style=\"max-width:1216.8px;margin-left: calc(-4% \/ 2 );margin-right: calc(-4% \/ 2 );\"><div class=\"fusion-layout-column fusion_builder_column fusion-builder-column-0 fusion_builder_column_1_1 1_1 fusion-flex-column\" style=\"--awb-bg-size:cover;--awb-width-large:100%;--awb-margin-top-large:0px;--awb-spacing-right-large:1.92%;--awb-margin-bottom-large:20px;--awb-spacing-left-large:1.92%;--awb-width-medium:100%;--awb-order-medium:0;--awb-spacing-right-medium:1.92%;--awb-spacing-left-medium:1.92%;--awb-width-small:100%;--awb-order-small:0;--awb-spacing-right-small:1.92%;--awb-spacing-left-small:1.92%;\"><div class=\"fusion-column-wrapper fusion-column-has-shadow fusion-flex-justify-content-flex-start fusion-content-layout-column\"><div class=\"fusion-title title fusion-title-1 fusion-title-text fusion-title-size-one\" style=\"--awb-margin-top-small:0px;--awb-margin-bottom-small:20px;\"><div class=\"title-sep-container title-sep-container-left fusion-no-large-visibility fusion-no-medium-visibility fusion-no-small-visibility\"><div class=\"title-sep sep- sep-solid\" style=\"border-color:var(--awb-color3);\"><\/div><\/div><span class=\"awb-title-spacer fusion-no-large-visibility fusion-no-medium-visibility fusion-no-small-visibility\"><\/span><h1 class=\"fusion-title-heading title-heading-left fusion-responsive-typography-calculated\" style=\"margin:0;text-transform:capitalize;--fontSize:60;line-height:var(--awb-typography1-line-height);\"><h1>Vielen Dank f\u00fcr Deine Spende f\u00fcr CADUS!<\/h1><\/h1><span class=\"awb-title-spacer\"><\/span><div class=\"title-sep-container title-sep-container-right\"><div class=\"title-sep sep- sep-solid\" style=\"border-color:var(--awb-color3);\"><\/div><\/div><\/div><script>\n(function() {\n    var script = document.createElement('script');\n    script.type = 'text\/javascript';\n    script.text = `\n        function triggerPurchaseEvent() {\n            if (typeof fbq === 'function') {\n                fbq('track', 'Purchase', {\n                    value: 0.00,\n                    currency: 'EUR'\n                });\n            } else {\n                setTimeout(triggerPurchaseEvent, 50);\n            }\n        }\n        triggerPurchaseEvent();\n    `;\n    document.head.appendChild(script);\n})();\n<\/script>\n<\/div><\/div><\/div><\/div><div class=\"fusion-fullwidth fullwidth-box fusion-builder-row-2 fusion-flex-container has-pattern-background has-mask-background nonhundred-percent-fullwidth non-hundred-percent-height-scrolling\" style=\"--awb-border-radius-top-left:0px;--awb-border-radius-top-right:0px;--awb-border-radius-bottom-right:0px;--awb-border-radius-bottom-left:0px;--awb-margin-top:-20px;--awb-background-color:var(--awb-color4);--awb-flex-wrap:wrap;\" ><div class=\"fusion-builder-row fusion-row fusion-flex-align-items-flex-start fusion-flex-content-wrap\" style=\"max-width:1216.8px;margin-left: calc(-4% \/ 2 );margin-right: calc(-4% \/ 2 );\"><div class=\"fusion-layout-column fusion_builder_column fusion-builder-column-1 fusion_builder_column_1_1 1_1 fusion-flex-column\" style=\"--awb-bg-size:cover;--awb-width-large:100%;--awb-margin-top-large:0px;--awb-spacing-right-large:1.92%;--awb-margin-bottom-large:20px;--awb-spacing-left-large:1.92%;--awb-width-medium:100%;--awb-order-medium:0;--awb-spacing-right-medium:1.92%;--awb-spacing-left-medium:1.92%;--awb-width-small:100%;--awb-order-small:0;--awb-spacing-right-small:1.92%;--awb-spacing-left-small:1.92%;\"><div class=\"fusion-column-wrapper fusion-column-has-shadow fusion-flex-justify-content-flex-start fusion-content-layout-column\"><div class=\"fusion-image-element \" style=\"--awb-aspect-ratio:4 \/ 1;--awb-object-position:47% 59%;--awb-margin-top:-30px;--awb-caption-title-font-family:var(--h2_typography-font-family);--awb-caption-title-font-weight:var(--h2_typography-font-weight);--awb-caption-title-font-style:var(--h2_typography-font-style);--awb-caption-title-size:var(--h2_typography-font-size);--awb-caption-title-transform:var(--h2_typography-text-transform);--awb-caption-title-line-height:var(--h2_typography-line-height);--awb-caption-title-letter-spacing:var(--h2_typography-letter-spacing);\"><span class=\" fusion-imageframe imageframe-none imageframe-1 hover-type-none has-aspect-ratio\"><img decoding=\"async\" width=\"2000\" height=\"1367\" title=\"EMT_Pic\" src=\"https:\/\/www.cadus.org\/wp-content\/uploads\/2025\/10\/EMT_Pic.png\" class=\"img-responsive wp-image-15724 img-with-aspect-ratio\" data-parent-fit=\"cover\" data-parent-container=\".fusion-image-element\" alt srcset=\"https:\/\/www.cadus.org\/wp-content\/uploads\/2025\/10\/EMT_Pic-200x137.png 200w, https:\/\/www.cadus.org\/wp-content\/uploads\/2025\/10\/EMT_Pic-400x273.png 400w, https:\/\/www.cadus.org\/wp-content\/uploads\/2025\/10\/EMT_Pic-600x410.png 600w, https:\/\/www.cadus.org\/wp-content\/uploads\/2025\/10\/EMT_Pic-800x547.png 800w, https:\/\/www.cadus.org\/wp-content\/uploads\/2025\/10\/EMT_Pic-1200x820.png 1200w, https:\/\/www.cadus.org\/wp-content\/uploads\/2025\/10\/EMT_Pic.png 2000w\" sizes=\"(max-width: 1024px) 100vw, (max-width: 640px) 100vw, 1200px\" \/><\/span><\/div><\/div><\/div><\/div><\/div><div class=\"fusion-fullwidth fullwidth-box fusion-builder-row-3 fusion-flex-container has-pattern-background has-mask-background nonhundred-percent-fullwidth non-hundred-percent-height-scrolling\" style=\"--awb-border-color:var(--awb-color8);--awb-border-radius-top-left:0px;--awb-border-radius-top-right:0px;--awb-border-radius-bottom-right:0px;--awb-border-radius-bottom-left:0px;--awb-margin-top:20px;--awb-margin-bottom:-70px;--awb-background-color:var(--awb-color1);--awb-flex-wrap:wrap;\" ><div class=\"fusion-builder-row fusion-row fusion-flex-align-items-flex-start fusion-flex-content-wrap\" style=\"max-width:1216.8px;margin-left: calc(-4% \/ 2 );margin-right: calc(-4% \/ 2 );\"><div class=\"fusion-layout-column fusion_builder_column fusion-builder-column-2 fusion_builder_column_1_1 1_1 fusion-flex-column\" style=\"--awb-bg-size:cover;--awb-width-large:100%;--awb-margin-top-large:0px;--awb-spacing-right-large:1.92%;--awb-margin-bottom-large:20px;--awb-spacing-left-large:1.92%;--awb-width-medium:100%;--awb-order-medium:0;--awb-spacing-right-medium:1.92%;--awb-spacing-left-medium:1.92%;--awb-width-small:100%;--awb-order-small:0;--awb-spacing-right-small:1.92%;--awb-spacing-left-small:1.92%;\"><div class=\"fusion-column-wrapper fusion-column-has-shadow fusion-flex-justify-content-flex-start fusion-content-layout-column\"><div class=\"fusion-text fusion-text-1\" style=\"--awb-text-color:var(--awb-color1);--awb-margin-top:-15px;\"><h3><span style=\"color: #000000;\"><strong>Deine Unterst\u00fctzung bedeutet uns viel!<\/strong> <\/span><\/h3>\n<p><span style=\"color: #000000;\">Mit Deiner Spende tr\u00e4gst Du konkret dazu bei, dass wir medizinische und technische Hilfe dort leisten k\u00f6nnen, wo sie dringend gebraucht wird. Du hilfst dabei, Menschenleben zu retten, Leid zu lindern und Communities in Krisen langfristig zu st\u00e4rken.<\/span><\/p>\n<p><span style=\"color: #000000;\">Wir schicken Dir die Jahresspendenquittung im Fr\u00fchjahr des kommenden Jahres automatisch zu. Falls Du vorher eine einzelne Spendenbescheinigung ben\u00f6tigst, melde Dich einfach bei uns. F\u00fcr Spenden bis 300 \u20ac im Jahr reicht au\u00dferdem ein vereinfachter Spendennachweis zusammen mit Deinem Kontoauszug f\u00fcr die Steuer.<\/span><\/p>\n<p><span style=\"color: #000000;\">Wenn Du erfahren m\u00f6chtest, was durch Deine Unterst\u00fctzung m\u00f6glich wird, abonniere unseren <span style=\"color: #bc1324;\"><a style=\"color: #bc1324;\" href=\"https:\/\/www.cadus.org\/aktuelles\/newsletter\/\">Newsletter<\/a><\/span> und folge uns auf <span style=\"color: #bc1324;\"><a style=\"color: #bc1324;\" href=\"https:\/\/www.instagram.com\/cadus_org\/\">Instagram<\/a><\/span>, <a style=\"color: #000000;\" href=\"https:\/\/www.facebook.com\/cadus.org\"><span style=\"color: #bc1324;\">Facebook<\/span><\/a>, <a style=\"color: #000000;\" href=\"https:\/\/bsky.app\/profile\/cadus.bsky.social\"><span style=\"color: #bc1324;\">Bluesky<\/span><\/a> und <a style=\"color: #000000;\" href=\"https:\/\/www.linkedin.com\/company\/cadus-redefine-global-solidarity\/posts\/?feedView=all\"><span style=\"color: #bc1324;\">LinkedIn<\/span><\/a>. Dort teilen wir Updates aus unseren Einsatzgebieten, Geschichten aus dem Team und Einblicke in laufende Projekte.<\/span><\/p>\n<p><span style=\"color: #000000;\">Vielen Dank, dass Du hinter uns stehst.<\/span><\/p>\n<p><span style=\"color: #000000;\">Dein CADUS Team<\/span><\/p>\n<\/div><\/div><\/div><\/div><\/div><\/p>\n","protected":false},"excerpt":{"rendered":"","protected":false},"author":3,"featured_media":0,"parent":11748,"menu_order":0,"comment_status":"closed","ping_status":"closed","template":"100-width.php","meta":{"inline_featured_image":false,"footnotes":""},"class_list":["post-15975","page","type-page","status-publish","hentry"],"aioseo_notices":[],"_links":{"self":[{"href":"https:\/\/www.cadus.org\/en\/wp-json\/wp\/v2\/pages\/15975","targetHints":{"allow":["GET"]}}],"collection":[{"href":"https:\/\/www.cadus.org\/en\/wp-json\/wp\/v2\/pages"}],"about":[{"href":"https:\/\/www.cadus.org\/en\/wp-json\/wp\/v2\/types\/page"}],"author":[{"embeddable":true,"href":"https:\/\/www.cadus.org\/en\/wp-json\/wp\/v2\/users\/3"}],"replies":[{"embeddable":true,"href":"https:\/\/www.cadus.org\/en\/wp-json\/wp\/v2\/comments?post=15975"}],"version-history":[{"count":12,"href":"https:\/\/www.cadus.org\/en\/wp-json\/wp\/v2\/pages\/15975\/revisions"}],"predecessor-version":[{"id":15989,"href":"https:\/\/www.cadus.org\/en\/wp-json\/wp\/v2\/pages\/15975\/revisions\/15989"}],"up":[{"embeddable":true,"href":"https:\/\/www.cadus.org\/en\/wp-json\/wp\/v2\/pages\/11748"}],"wp:attachment":[{"href":"https:\/\/www.cadus.org\/en\/wp-json\/wp\/v2\/media?parent=15975"}],"curies":[{"name":"wp","href":"https:\/\/api.w.org\/{rel}","templated":true}]}}